{"id":1444,"date":"2022-05-27T12:45:40","date_gmt":"2022-05-27T12:45:40","guid":{"rendered":"https:\/\/8mdatawomen.iniciativabarcelonaopendata.cat\/?page_id=1444"},"modified":"2026-03-30T12:49:07","modified_gmt":"2026-03-30T12:49:07","slug":"dato4","status":"publish","type":"page","link":"https:\/\/8mdatawomen.iniciativabarcelonaopendata.cat\/index.php\/dato4\/","title":{"rendered":"8MDataWomen4"},"content":{"rendered":"<style>.kb-row-layout-id1444_38564a-80 > .kt-row-column-wrap{align-content:start;}:where(.kb-row-layout-id1444_38564a-80 > .kt-row-column-wrap) > .wp-block-kadence-column{justify-content:start;}.kb-row-layout-id1444_38564a-80 > .kt-row-column-wrap{column-gap:var(--global-kb-gap-md, 2rem);row-gap:var(--global-kb-gap-md, 2rem);padding-top:129px;padding-bottom:25px;grid-template-columns:minmax(0, calc(10% - ((var(--global-kb-gap-md, 2rem) * 2 )\/3)))minmax(0, calc(80% - ((var(--global-kb-gap-md, 2rem) * 2 )\/3)))minmax(0, calc(10% - ((var(--global-kb-gap-md, 2rem) * 2 )\/3)));}.kb-row-layout-id1444_38564a-80 > .kt-row-layout-overlay{opacity:0.30;}@media all and (max-width: 1024px){.kb-row-layout-id1444_38564a-80 > .kt-row-column-wrap > div:not(.added-for-specificity){grid-column:initial;}}@media all and (max-width: 1024px){.kb-row-layout-id1444_38564a-80 > .kt-row-column-wrap{grid-template-columns:minmax(0, 1fr) minmax(0, 6fr) minmax(0, 1fr);}}@media all and (max-width: 767px){.kb-row-layout-id1444_38564a-80 > .kt-row-column-wrap > div:not(.added-for-specificity){grid-column:initial;}.kb-row-layout-id1444_38564a-80 > .kt-row-column-wrap{grid-template-columns:minmax(0, 1fr);}}<\/style><div class=\"kb-row-layout-wrap kb-row-layout-id1444_38564a-80 alignnone wp-block-kadence-rowlayout\"><div class=\"kt-row-column-wrap kt-has-3-columns kt-row-layout-center-exwide kt-tab-layout-inherit kt-mobile-layout-row kt-row-valign-top\">\n<style>.kadence-column1444_29a9a3-1b > .kt-inside-inner-col,.kadence-column1444_29a9a3-1b > .kt-inside-inner-col:before{border-top-left-radius:0px;border-top-right-radius:0px;border-bottom-right-radius:0px;border-bottom-left-radius:0px;}.kadence-column1444_29a9a3-1b > .kt-inside-inner-col{column-gap:var(--global-kb-gap-sm, 1rem);}.kadence-column1444_29a9a3-1b > .kt-inside-inner-col{flex-direction:column;}.kadence-column1444_29a9a3-1b > .kt-inside-inner-col > .aligncenter{width:100%;}.kadence-column1444_29a9a3-1b > .kt-inside-inner-col:before{opacity:0.3;}.kadence-column1444_29a9a3-1b{position:relative;}@media all and (max-width: 1024px){.kadence-column1444_29a9a3-1b > .kt-inside-inner-col{flex-direction:column;justify-content:center;}}@media all and (max-width: 767px){.kadence-column1444_29a9a3-1b > .kt-inside-inner-col{flex-direction:column;justify-content:center;}}<\/style>\n<div class=\"wp-block-kadence-column kadence-column1444_29a9a3-1b inner-column-1\"><div class=\"kt-inside-inner-col\"><\/div><\/div>\n\n\n<style>.kadence-column1444_ea9d36-d7 > .kt-inside-inner-col,.kadence-column1444_ea9d36-d7 > .kt-inside-inner-col:before{border-top-left-radius:0px;border-top-right-radius:0px;border-bottom-right-radius:0px;border-bottom-left-radius:0px;}.kadence-column1444_ea9d36-d7 > .kt-inside-inner-col{column-gap:var(--global-kb-gap-sm, 1rem);}.kadence-column1444_ea9d36-d7 > .kt-inside-inner-col{flex-direction:column;}.kadence-column1444_ea9d36-d7 > .kt-inside-inner-col > .aligncenter{width:100%;}.kadence-column1444_ea9d36-d7 > .kt-inside-inner-col:before{opacity:0.3;}.kadence-column1444_ea9d36-d7{position:relative;}@media all and (max-width: 1024px){.kadence-column1444_ea9d36-d7 > .kt-inside-inner-col{flex-direction:column;justify-content:center;}}@media all and (max-width: 767px){.kadence-column1444_ea9d36-d7 > .kt-inside-inner-col{flex-direction:column;justify-content:center;}}<\/style>\n<div class=\"wp-block-kadence-column kadence-column1444_ea9d36-d7 inner-column-2\"><div class=\"kt-inside-inner-col\"><div class=\"wp-block-image\">\n<figure class=\"aligncenter size-large\"><img loading=\"lazy\" decoding=\"async\" width=\"1024\" height=\"576\" src=\"https:\/\/8mdatawomen.iniciativabarcelonaopendata.cat\/wp-content\/uploads\/2026\/03\/3-6-1024x576.png\" alt=\"\" class=\"wp-image-1828\" srcset=\"https:\/\/8mdatawomen.iniciativabarcelonaopendata.cat\/wp-content\/uploads\/2026\/03\/3-6-1024x576.png 1024w, https:\/\/8mdatawomen.iniciativabarcelonaopendata.cat\/wp-content\/uploads\/2026\/03\/3-6-300x169.png 300w, https:\/\/8mdatawomen.iniciativabarcelonaopendata.cat\/wp-content\/uploads\/2026\/03\/3-6-768x432.png 768w, https:\/\/8mdatawomen.iniciativabarcelonaopendata.cat\/wp-content\/uploads\/2026\/03\/3-6-1536x864.png 1536w, https:\/\/8mdatawomen.iniciativabarcelonaopendata.cat\/wp-content\/uploads\/2026\/03\/3-6.png 1600w\" sizes=\"auto, (max-width: 1024px) 100vw, 1024px\" \/><\/figure>\n<\/div>\n\n\n<p class=\"has-theme-palette-5-color has-text-color has-medium-font-size\"><strong>Nombre de la visualizaci\u00f3n:<\/strong><br><\/p>\n\n\n\n<p class=\"has-theme-palette-5-color has-text-color\">Evoluci\u00f3n de las v\u00edcitimas jovenes de delitos contra la libertad sexual<\/p>\n\n\n\n<p class=\"has-theme-palette-5-color has-text-color has-medium-font-size\"><strong><strong>Frase explicativa:<\/strong><br><\/strong><br>Los delitos contra la libertad sexual afectan de forma abrumadoramente mayoritaria a las mujeres. En 2023, el 90,6 % de las denuncias corresponden a mujeres frente al 9,4 % a hombres en Espa\u00f1a, una brecha de 81,2 puntos porcentuales que pone de manifiesto el car\u00e1cter profundamente desigual y genderizado de este tipo de violencia.<br><\/p>\n\n\n\n<p class=\"has-theme-palette-5-color has-text-color has-medium-font-size\"><strong>Visualizaci\u00f3n:<\/strong><\/p>\n\n\n\n<figure class=\"wp-block-embed is-type-wp-embed is-provider-flourish wp-block-embed-flourish\"><div class=\"wp-block-embed__wrapper\">\n<iframe loading=\"lazy\" class=\"wp-embedded-content\" sandbox=\"allow-scripts\" security=\"restricted\" title=\"Interactive or visual content\" src=\"https:\/\/flo.uri.sh\/visualisation\/24179978\/embed#?secret=JpSyT1x4GC\" data-secret=\"JpSyT1x4GC\" frameborder=\"0\" scrolling=\"no\" height=\"575\" width=\"700\"><\/iframe>\n<\/div><\/figure>\n\n\n\n<p class=\"has-theme-palette-5-color has-text-color has-medium-font-size\"><strong><strong>Proyecto de donde proviene el dato:<\/strong><br><\/strong><\/p>\n\n\n\n<p class=\"has-theme-palette-5-color has-text-color has-medium-font-size\">Datos x Violencia Sexual<\/p>\n\n\n\n<p class=\"has-theme-palette-5-color has-text-color has-medium-font-size\"><strong><strong>Link al proyecto:&nbsp;<\/strong><\/strong><\/p>\n\n\n\n<p class=\"has-theme-palette-5-color has-text-color has-medium-font-size\"><a href=\"https:\/\/violenciasexual.datalabciba.org\/?L=1\">https:\/\/violenciasexual.datalabciba.org\/?L=1<\/a><\/p>\n\n\n\n<p class=\"has-theme-palette-5-color has-text-color has-medium-font-size\"><strong>Interpreta los datos:<\/strong><\/p>\n\n\n\n<figure class=\"wp-block-embed is-type-video is-provider-youtube wp-block-embed-youtube wp-embed-aspect-16-9 wp-has-aspect-ratio\"><div class=\"wp-block-embed__wrapper\">\n<iframe loading=\"lazy\" title=\"Datos x Violencia Sexual: Evoluci\u00f3n de delitos de violencia sexual Espa\u00f1a 2010-2023\" width=\"720\" height=\"405\" src=\"https:\/\/www.youtube.com\/embed\/R13sn56QYCw?feature=oembed\" frameborder=\"0\" allow=\"accelerometer; autoplay; clipboard-write; encrypted-media; gyroscope; picture-in-picture; web-share\" referrerpolicy=\"strict-origin-when-cross-origin\" allowfullscreen><\/iframe>\n<\/div><\/figure>\n<\/div><\/div>\n\n\n<style>.kadence-column1444_e4be18-c7 > .kt-inside-inner-col,.kadence-column1444_e4be18-c7 > .kt-inside-inner-col:before{border-top-left-radius:0px;border-top-right-radius:0px;border-bottom-right-radius:0px;border-bottom-left-radius:0px;}.kadence-column1444_e4be18-c7 > .kt-inside-inner-col{column-gap:var(--global-kb-gap-sm, 1rem);}.kadence-column1444_e4be18-c7 > .kt-inside-inner-col{flex-direction:column;}.kadence-column1444_e4be18-c7 > .kt-inside-inner-col > .aligncenter{width:100%;}.kadence-column1444_e4be18-c7 > .kt-inside-inner-col:before{opacity:0.3;}.kadence-column1444_e4be18-c7{position:relative;}@media all and (max-width: 1024px){.kadence-column1444_e4be18-c7 > .kt-inside-inner-col{flex-direction:column;justify-content:center;}}@media all and (max-width: 767px){.kadence-column1444_e4be18-c7 > .kt-inside-inner-col{flex-direction:column;justify-content:center;}}<\/style>\n<div class=\"wp-block-kadence-column kadence-column1444_e4be18-c7 inner-column-3\"><div class=\"kt-inside-inner-col\"><\/div><\/div>\n\n<\/div><\/div>\n\n\n<p><\/p>\n","protected":false},"excerpt":{"rendered":"<p>Nombre de la visualizaci\u00f3n: Evoluci\u00f3n de las v\u00edcitimas jovenes de delitos contra la libertad sexual Frase explicativa:Los delitos contra la libertad sexual afectan de forma abrumadoramente mayoritaria a las mujeres. En 2023, el 90,6 % de las denuncias corresponden a mujeres frente al 9,4 % a hombres en Espa\u00f1a, una brecha de 81,2 puntos porcentuales&#8230;<\/p>\n","protected":false},"author":2,"featured_media":0,"parent":0,"menu_order":0,"comment_status":"closed","ping_status":"closed","template":"","meta":{"_monsterinsights_skip_tracking":false,"_monsterinsights_sitenote_active":false,"_monsterinsights_sitenote_note":"","_monsterinsights_sitenote_category":0,"_kad_post_transparent":"enable","_kad_post_title":"hide","_kad_post_layout":"fullwidth","_kad_post_sidebar_id":"","_kad_post_content_style":"boxed","_kad_post_vertical_padding":"","_kad_post_feature":"","_kad_post_feature_position":"","_kad_post_header":false,"_kad_post_footer":false,"_kad_post_classname":"","footnotes":""},"class_list":["post-1444","page","type-page","status-publish","hentry"],"yoast_head":"<!-- This site is optimized with the Yoast SEO plugin v27.4 - https:\/\/yoast.com\/product\/yoast-seo-wordpress\/ -->\n<title>8MDataWomen4 - #8mDataWomen<\/title>\n<meta name=\"robots\" content=\"index, follow, max-snippet:-1, max-image-preview:large, max-video-preview:-1\" \/>\n<link rel=\"canonical\" href=\"https:\/\/8mdatawomen.iniciativabarcelonaopendata.cat\/index.php\/dato4\/\" \/>\n<meta property=\"og:locale\" content=\"ca_ES\" \/>\n<meta property=\"og:type\" content=\"article\" \/>\n<meta property=\"og:title\" content=\"8MDataWomen4 - #8mDataWomen\" \/>\n<meta property=\"og:description\" content=\"Nombre de la visualizaci\u00f3n: Evoluci\u00f3n de las v\u00edcitimas jovenes de delitos contra la libertad sexual Frase explicativa:Los delitos contra la libertad sexual afectan de forma abrumadoramente mayoritaria a las mujeres. En 2023, el 90,6 % de las denuncias corresponden a mujeres frente al 9,4 % a hombres en Espa\u00f1a, una brecha de 81,2 puntos porcentuales...\" \/>\n<meta property=\"og:url\" content=\"https:\/\/8mdatawomen.iniciativabarcelonaopendata.cat\/index.php\/dato4\/\" \/>\n<meta property=\"og:site_name\" content=\"#8mDataWomen\" \/>\n<meta property=\"article:modified_time\" content=\"2026-03-30T12:49:07+00:00\" \/>\n<meta property=\"og:image\" content=\"https:\/\/8mdatawomen.iniciativabarcelonaopendata.cat\/wp-content\/uploads\/2026\/03\/3-6.png\" \/>\n\t<meta property=\"og:image:width\" content=\"1600\" \/>\n\t<meta property=\"og:image:height\" content=\"900\" \/>\n\t<meta property=\"og:image:type\" content=\"image\/png\" \/>\n<meta name=\"twitter:card\" content=\"summary_large_image\" \/>\n<meta name=\"twitter:label1\" content=\"Temps estimat de lectura\" \/>\n\t<meta name=\"twitter:data1\" content=\"1 minut\" \/>\n<script type=\"application\/ld+json\" class=\"yoast-schema-graph\">{\"@context\":\"https:\\\/\\\/schema.org\",\"@graph\":[{\"@type\":\"WebPage\",\"@id\":\"https:\\\/\\\/8mdatawomen.iniciativabarcelonaopendata.cat\\\/index.php\\\/dato4\\\/\",\"url\":\"https:\\\/\\\/8mdatawomen.iniciativabarcelonaopendata.cat\\\/index.php\\\/dato4\\\/\",\"name\":\"8MDataWomen4 - #8mDataWomen\",\"isPartOf\":{\"@id\":\"https:\\\/\\\/8mdatawomen.iniciativabarcelonaopendata.cat\\\/#website\"},\"primaryImageOfPage\":{\"@id\":\"https:\\\/\\\/8mdatawomen.iniciativabarcelonaopendata.cat\\\/index.php\\\/dato4\\\/#primaryimage\"},\"image\":{\"@id\":\"https:\\\/\\\/8mdatawomen.iniciativabarcelonaopendata.cat\\\/index.php\\\/dato4\\\/#primaryimage\"},\"thumbnailUrl\":\"https:\\\/\\\/8mdatawomen.iniciativabarcelonaopendata.cat\\\/wp-content\\\/uploads\\\/2026\\\/03\\\/3-6-1024x576.png\",\"datePublished\":\"2022-05-27T12:45:40+00:00\",\"dateModified\":\"2026-03-30T12:49:07+00:00\",\"breadcrumb\":{\"@id\":\"https:\\\/\\\/8mdatawomen.iniciativabarcelonaopendata.cat\\\/index.php\\\/dato4\\\/#breadcrumb\"},\"inLanguage\":\"ca\",\"potentialAction\":[{\"@type\":\"ReadAction\",\"target\":[\"https:\\\/\\\/8mdatawomen.iniciativabarcelonaopendata.cat\\\/index.php\\\/dato4\\\/\"]}]},{\"@type\":\"ImageObject\",\"inLanguage\":\"ca\",\"@id\":\"https:\\\/\\\/8mdatawomen.iniciativabarcelonaopendata.cat\\\/index.php\\\/dato4\\\/#primaryimage\",\"url\":\"https:\\\/\\\/8mdatawomen.iniciativabarcelonaopendata.cat\\\/wp-content\\\/uploads\\\/2026\\\/03\\\/3-6.png\",\"contentUrl\":\"https:\\\/\\\/8mdatawomen.iniciativabarcelonaopendata.cat\\\/wp-content\\\/uploads\\\/2026\\\/03\\\/3-6.png\",\"width\":1600,\"height\":900},{\"@type\":\"BreadcrumbList\",\"@id\":\"https:\\\/\\\/8mdatawomen.iniciativabarcelonaopendata.cat\\\/index.php\\\/dato4\\\/#breadcrumb\",\"itemListElement\":[{\"@type\":\"ListItem\",\"position\":1,\"name\":\"Inici\",\"item\":\"https:\\\/\\\/8mdatawomen.iniciativabarcelonaopendata.cat\\\/\"},{\"@type\":\"ListItem\",\"position\":2,\"name\":\"8MDataWomen4\"}]},{\"@type\":\"WebSite\",\"@id\":\"https:\\\/\\\/8mdatawomen.iniciativabarcelonaopendata.cat\\\/#website\",\"url\":\"https:\\\/\\\/8mdatawomen.iniciativabarcelonaopendata.cat\\\/\",\"name\":\"#8mDataWomen\",\"description\":\"Opendata derechos mujeres\",\"publisher\":{\"@id\":\"https:\\\/\\\/8mdatawomen.iniciativabarcelonaopendata.cat\\\/#organization\"},\"potentialAction\":[{\"@type\":\"SearchAction\",\"target\":{\"@type\":\"EntryPoint\",\"urlTemplate\":\"https:\\\/\\\/8mdatawomen.iniciativabarcelonaopendata.cat\\\/?s={search_term_string}\"},\"query-input\":{\"@type\":\"PropertyValueSpecification\",\"valueRequired\":true,\"valueName\":\"search_term_string\"}}],\"inLanguage\":\"ca\"},{\"@type\":\"Organization\",\"@id\":\"https:\\\/\\\/8mdatawomen.iniciativabarcelonaopendata.cat\\\/#organization\",\"name\":\"DataWoman\",\"url\":\"https:\\\/\\\/8mdatawomen.iniciativabarcelonaopendata.cat\\\/\",\"logo\":{\"@type\":\"ImageObject\",\"inLanguage\":\"ca\",\"@id\":\"https:\\\/\\\/8mdatawomen.iniciativabarcelonaopendata.cat\\\/#\\\/schema\\\/logo\\\/image\\\/\",\"url\":\"https:\\\/\\\/8mdatawomen.iniciativabarcelonaopendata.cat\\\/wp-content\\\/uploads\\\/2022\\\/05\\\/Lila_rediseno_W-1.png\",\"contentUrl\":\"https:\\\/\\\/8mdatawomen.iniciativabarcelonaopendata.cat\\\/wp-content\\\/uploads\\\/2022\\\/05\\\/Lila_rediseno_W-1.png\",\"width\":3333,\"height\":3333,\"caption\":\"DataWoman\"},\"image\":{\"@id\":\"https:\\\/\\\/8mdatawomen.iniciativabarcelonaopendata.cat\\\/#\\\/schema\\\/logo\\\/image\\\/\"}}]}<\/script>\n<!-- \/ Yoast SEO plugin. -->","yoast_head_json":{"title":"8MDataWomen4 - #8mDataWomen","robots":{"index":"index","follow":"follow","max-snippet":"max-snippet:-1","max-image-preview":"max-image-preview:large","max-video-preview":"max-video-preview:-1"},"canonical":"https:\/\/8mdatawomen.iniciativabarcelonaopendata.cat\/index.php\/dato4\/","og_locale":"ca_ES","og_type":"article","og_title":"8MDataWomen4 - #8mDataWomen","og_description":"Nombre de la visualizaci\u00f3n: Evoluci\u00f3n de las v\u00edcitimas jovenes de delitos contra la libertad sexual Frase explicativa:Los delitos contra la libertad sexual afectan de forma abrumadoramente mayoritaria a las mujeres. En 2023, el 90,6 % de las denuncias corresponden a mujeres frente al 9,4 % a hombres en Espa\u00f1a, una brecha de 81,2 puntos porcentuales...","og_url":"https:\/\/8mdatawomen.iniciativabarcelonaopendata.cat\/index.php\/dato4\/","og_site_name":"#8mDataWomen","article_modified_time":"2026-03-30T12:49:07+00:00","og_image":[{"width":1600,"height":900,"url":"https:\/\/8mdatawomen.iniciativabarcelonaopendata.cat\/wp-content\/uploads\/2026\/03\/3-6.png","type":"image\/png"}],"twitter_card":"summary_large_image","twitter_misc":{"Temps estimat de lectura":"1 minut"},"schema":{"@context":"https:\/\/schema.org","@graph":[{"@type":"WebPage","@id":"https:\/\/8mdatawomen.iniciativabarcelonaopendata.cat\/index.php\/dato4\/","url":"https:\/\/8mdatawomen.iniciativabarcelonaopendata.cat\/index.php\/dato4\/","name":"8MDataWomen4 - #8mDataWomen","isPartOf":{"@id":"https:\/\/8mdatawomen.iniciativabarcelonaopendata.cat\/#website"},"primaryImageOfPage":{"@id":"https:\/\/8mdatawomen.iniciativabarcelonaopendata.cat\/index.php\/dato4\/#primaryimage"},"image":{"@id":"https:\/\/8mdatawomen.iniciativabarcelonaopendata.cat\/index.php\/dato4\/#primaryimage"},"thumbnailUrl":"https:\/\/8mdatawomen.iniciativabarcelonaopendata.cat\/wp-content\/uploads\/2026\/03\/3-6-1024x576.png","datePublished":"2022-05-27T12:45:40+00:00","dateModified":"2026-03-30T12:49:07+00:00","breadcrumb":{"@id":"https:\/\/8mdatawomen.iniciativabarcelonaopendata.cat\/index.php\/dato4\/#breadcrumb"},"inLanguage":"ca","potentialAction":[{"@type":"ReadAction","target":["https:\/\/8mdatawomen.iniciativabarcelonaopendata.cat\/index.php\/dato4\/"]}]},{"@type":"ImageObject","inLanguage":"ca","@id":"https:\/\/8mdatawomen.iniciativabarcelonaopendata.cat\/index.php\/dato4\/#primaryimage","url":"https:\/\/8mdatawomen.iniciativabarcelonaopendata.cat\/wp-content\/uploads\/2026\/03\/3-6.png","contentUrl":"https:\/\/8mdatawomen.iniciativabarcelonaopendata.cat\/wp-content\/uploads\/2026\/03\/3-6.png","width":1600,"height":900},{"@type":"BreadcrumbList","@id":"https:\/\/8mdatawomen.iniciativabarcelonaopendata.cat\/index.php\/dato4\/#breadcrumb","itemListElement":[{"@type":"ListItem","position":1,"name":"Inici","item":"https:\/\/8mdatawomen.iniciativabarcelonaopendata.cat\/"},{"@type":"ListItem","position":2,"name":"8MDataWomen4"}]},{"@type":"WebSite","@id":"https:\/\/8mdatawomen.iniciativabarcelonaopendata.cat\/#website","url":"https:\/\/8mdatawomen.iniciativabarcelonaopendata.cat\/","name":"#8mDataWomen","description":"Opendata derechos mujeres","publisher":{"@id":"https:\/\/8mdatawomen.iniciativabarcelonaopendata.cat\/#organization"},"potentialAction":[{"@type":"SearchAction","target":{"@type":"EntryPoint","urlTemplate":"https:\/\/8mdatawomen.iniciativabarcelonaopendata.cat\/?s={search_term_string}"},"query-input":{"@type":"PropertyValueSpecification","valueRequired":true,"valueName":"search_term_string"}}],"inLanguage":"ca"},{"@type":"Organization","@id":"https:\/\/8mdatawomen.iniciativabarcelonaopendata.cat\/#organization","name":"DataWoman","url":"https:\/\/8mdatawomen.iniciativabarcelonaopendata.cat\/","logo":{"@type":"ImageObject","inLanguage":"ca","@id":"https:\/\/8mdatawomen.iniciativabarcelonaopendata.cat\/#\/schema\/logo\/image\/","url":"https:\/\/8mdatawomen.iniciativabarcelonaopendata.cat\/wp-content\/uploads\/2022\/05\/Lila_rediseno_W-1.png","contentUrl":"https:\/\/8mdatawomen.iniciativabarcelonaopendata.cat\/wp-content\/uploads\/2022\/05\/Lila_rediseno_W-1.png","width":3333,"height":3333,"caption":"DataWoman"},"image":{"@id":"https:\/\/8mdatawomen.iniciativabarcelonaopendata.cat\/#\/schema\/logo\/image\/"}}]}},"_links":{"self":[{"href":"https:\/\/8mdatawomen.iniciativabarcelonaopendata.cat\/index.php\/wp-json\/wp\/v2\/pages\/1444","targetHints":{"allow":["GET"]}}],"collection":[{"href":"https:\/\/8mdatawomen.iniciativabarcelonaopendata.cat\/index.php\/wp-json\/wp\/v2\/pages"}],"about":[{"href":"https:\/\/8mdatawomen.iniciativabarcelonaopendata.cat\/index.php\/wp-json\/wp\/v2\/types\/page"}],"author":[{"embeddable":true,"href":"https:\/\/8mdatawomen.iniciativabarcelonaopendata.cat\/index.php\/wp-json\/wp\/v2\/users\/2"}],"replies":[{"embeddable":true,"href":"https:\/\/8mdatawomen.iniciativabarcelonaopendata.cat\/index.php\/wp-json\/wp\/v2\/comments?post=1444"}],"version-history":[{"count":13,"href":"https:\/\/8mdatawomen.iniciativabarcelonaopendata.cat\/index.php\/wp-json\/wp\/v2\/pages\/1444\/revisions"}],"predecessor-version":[{"id":1862,"href":"https:\/\/8mdatawomen.iniciativabarcelonaopendata.cat\/index.php\/wp-json\/wp\/v2\/pages\/1444\/revisions\/1862"}],"wp:attachment":[{"href":"https:\/\/8mdatawomen.iniciativabarcelonaopendata.cat\/index.php\/wp-json\/wp\/v2\/media?parent=1444"}],"curies":[{"name":"wp","href":"https:\/\/api.w.org\/{rel}","templated":true}]}}